{"id":1912,"date":"2020-11-17T14:15:44","date_gmt":"2020-11-17T14:15:44","guid":{"rendered":"https:\/\/www.troispointquatorze.fr\/contact\/"},"modified":"2020-12-01T13:45:41","modified_gmt":"2020-12-01T13:45:41","slug":"contact","status":"publish","type":"page","link":"https:\/\/www.troispointquatorze.fr\/en\/contact\/","title":{"rendered":"Contact"},"content":{"rendered":"<p>[et_pb_section fb_built=&#8221;1&#8243; custom_padding_last_edited=&#8221;on|desktop&#8221; background_color_2=&#8221;#ffffff&#8221; padding_top_bottom_link_2=&#8221;true&#8221; padding_left_right_link_2=&#8221;true&#8221; padding_top_2=&#8221;40px&#8221; padding_right_2=&#8221;30px&#8221; padding_bottom_2=&#8221;40px&#8221; padding_left_2=&#8221;30px&#8221; padding_2_tablet=&#8221;0px|0px|0px|0px|true|true&#8221; padding_2_phone=&#8221;&#8221; padding_2_last_edited=&#8221;on|tablet&#8221; admin_label=&#8221;Header&#8221; module_class=&#8221;entete&#8221; _builder_version=&#8221;4.5.7&#8243; use_background_color_gradient=&#8221;on&#8221; background_color_gradient_start=&#8221;rgba(0,0,0,0)&#8221; background_color_gradient_end=&#8221;#e63812&#8243; background_color_gradient_direction=&#8221;90deg&#8221; background_color_gradient_start_position=&#8221;65%&#8221; background_color_gradient_end_position=&#8221;0%&#8221; height=&#8221;339px&#8221; height_tablet=&#8221;&#8221; height_phone=&#8221;223px&#8221; height_last_edited=&#8221;on|phone&#8221; custom_padding=&#8221;5vw||80px||false|false&#8221; custom_padding_tablet=&#8221;||0px||false|false&#8221; custom_padding_phone=&#8221;&#8221; background_last_edited=&#8221;on|phone&#8221; use_background_color_gradient_tablet=&#8221;on&#8221; background_color_gradient_start_tablet=&#8221;#e63812&#8243; background_color_gradient_end_tablet=&#8221;#e63812&#8243; background_color_gradient_start_tablet_preview_tablet=&#8221;#e63812&#8243;][et_pb_row _builder_version=&#8221;4.0.8&#8243;][et_pb_column type=&#8221;4_4&#8243; _builder_version=&#8221;4.0.8&#8243;][et_pb_sidebar area=&#8221;et_pb_widget_area_1&#8243; _builder_version=&#8221;4.5.7&#8243; _module_preset=&#8221;default&#8221; custom_margin=&#8221;-70px||50px||false|false&#8221; custom_margin_tablet=&#8221;-40px||30px||false|false&#8221; custom_margin_phone=&#8221;-30px||0px||false|false&#8221; custom_margin_last_edited=&#8221;on|phone&#8221; body_text_color_tablet=&#8221;#ffffff&#8221; body_text_color_phone=&#8221;#ffffff&#8221; body_text_color_last_edited=&#8221;on|tablet&#8221;][\/et_pb_sidebar][et_pb_text content_tablet=&#8221;<\/p>\n<h1 style=%22text-align: center;%22>Contact<\/h1>\n<p>&#8221; content_phone=&#8221;<\/p>\n<h1 style=%22text-align: center;%22>Contact<\/h1>\n<p>&#8221; content_last_edited=&#8221;on|phone&#8221; module_class=&#8221;title title-white&#8221; _builder_version=&#8221;4.5.7&#8243; text_font=&#8221;Cabin||||||||&#8221; text_text_color=&#8221;rgba(85,101,112,0.8)&#8221; text_font_size=&#8221;16px&#8221; text_line_height=&#8221;1.8em&#8221; header_font=&#8221;Playfair Display|700|||||||&#8221; header_text_color=&#8221;#002d4c&#8221; header_font_size=&#8221;66px&#8221; header_line_height=&#8221;1.1em&#8221; header_3_font=&#8221;Cabin|700||on|||||&#8221; header_3_text_color=&#8221;#bd8f52&#8243; header_3_font_size=&#8221;13px&#8221; header_3_letter_spacing=&#8221;3px&#8221; header_3_line_height=&#8221;1.4em&#8221; max_width=&#8221;36vw&#8221; max_width_tablet=&#8221;90%&#8221; max_width_phone=&#8221;100%&#8221; max_width_last_edited=&#8221;on|tablet&#8221; custom_margin=&#8221;||||false|false&#8221; text_text_color_tablet=&#8221;#ffffff&#8221; text_text_color_phone=&#8221;&#8221; text_text_color_last_edited=&#8221;on|tablet&#8221; text_font_size_tablet=&#8221;15px&#8221; text_font_size_phone=&#8221;14px&#8221; text_font_size_last_edited=&#8221;on|phone&#8221; header_font_size_tablet=&#8221;52px&#8221; header_font_size_phone=&#8221;38px&#8221; header_font_size_last_edited=&#8221;on|desktop&#8221; locked=&#8221;off&#8221;]<\/p>\n<h1>To meet with us<\/h1>\n<p>[\/et_pb_text][\/et_pb_column][\/et_pb_row][\/et_pb_section][et_pb_section fb_built=&#8221;1&#8243; module_id=&#8221;cont-form&#8221; _builder_version=&#8221;4.5.7&#8243; _module_preset=&#8221;default&#8221; width=&#8221;100%&#8221; max_width=&#8221;100%&#8221;][et_pb_row column_structure=&#8221;1_2,1_2&#8243; _builder_version=&#8221;4.5.7&#8243; _module_preset=&#8221;default&#8221; width=&#8221;100%&#8221;][et_pb_column type=&#8221;1_2&#8243; _builder_version=&#8221;4.5.7&#8243; _module_preset=&#8221;default&#8221;][et_pb_map google_api_key=&#8221;AIzaSyC9jxyQQCgaImAGXjkGadvyxv9bguNESoI&#8221; address=&#8221;23 Rue Sala, 69002 Lyon, France&#8221; address_lat=&#8221;45.7559841&#8243; address_lng=&#8221;4.8293933&#8243; _builder_version=&#8221;4.5.7&#8243; _module_preset=&#8221;default&#8221;][et_pb_map_pin title=&#8221;Trois (point) Quatorze&#8221; pin_address=&#8221;23 Rue Sala, 69002 Lyon, France&#8221; pin_address_lat=&#8221;45.7559841&#8243; pin_address_lng=&#8221;4.8293933&#8243; _builder_version=&#8221;4.5.7&#8243; _module_preset=&#8221;default&#8221;]<\/p>\n<p>23 Rue Sala, 69002 Lyon <a href=\"tel:+33683253463\">06 83 25 34 63<\/a><\/p>\n<p>[\/et_pb_map_pin][\/et_pb_map][et_pb_text module_id=&#8221;proximite&#8221; _builder_version=&#8221;4.7.0&#8243; _module_preset=&#8221;default&#8221; text_font_size=&#8221;15px&#8221; custom_css_main_element=&#8221;||&#8221;]<\/p>\n<p><strong>Next to us<br \/> <\/strong>Bus\u00a0<strong>C12 &#8211; 35<\/strong><br \/> Metro <strong>D-A<\/strong><br \/> Velo&#8217;v\u00a0\u00a0<strong>2011 &#8211; SALA \/ RUE DU PLAT, 69002 Lyon<\/strong><br \/>GPS\u00a0<strong>Latitude<\/strong> 45.7559\u00a0<strong>Longitude<\/strong>\u00a04.82937<\/p>\n<p>&nbsp;<\/p>\n<p>[\/et_pb_text][\/et_pb_column][et_pb_column type=&#8221;1_2&#8243; _builder_version=&#8221;4.5.7&#8243; _module_preset=&#8221;default&#8221;][et_pb_text module_id=&#8221;form-contact&#8221; module_class=&#8221;title&#8221; _builder_version=&#8221;4.7.0&#8243; _module_preset=&#8221;default&#8221;]<\/p>\n<p>To contact us<\/p>\n\n<div class=\"wpcf7 no-js\" id=\"wpcf7-f2093-o1\" lang=\"en-US\" dir=\"ltr\" data-wpcf7-id=\"2093\">\n<div class=\"screen-reader-response\"><p role=\"status\" aria-live=\"polite\" aria-atomic=\"true\"><\/p> <ul><\/ul><\/div>\n<form action=\"\/en\/wp-json\/wp\/v2\/pages\/1912#wpcf7-f2093-o1\" method=\"post\" class=\"wpcf7-form init\" aria-label=\"Contact form\" novalidate=\"novalidate\" data-status=\"init\">\n<fieldset class=\"hidden-fields-container\"><input type=\"hidden\" name=\"_wpcf7\" value=\"2093\" \/><input type=\"hidden\" name=\"_wpcf7_version\" value=\"6.1.5\" \/><input type=\"hidden\" name=\"_wpcf7_locale\" value=\"en_US\" \/><input type=\"hidden\" name=\"_wpcf7_unit_tag\" value=\"wpcf7-f2093-o1\" \/><input type=\"hidden\" name=\"_wpcf7_container_post\" value=\"0\" \/><input type=\"hidden\" name=\"_wpcf7_posted_data_hash\" value=\"\" \/><input type=\"hidden\" name=\"_wpcf7_recaptcha_response\" value=\"\" \/>\n<\/fieldset>\n<div>\n\t<p><span class=\"wpcf7-form-control-wrap\" data-name=\"nom\"><input size=\"40\" maxlength=\"400\" class=\"wpcf7-form-control wpcf7-text wpcf7-validates-as-required\" aria-required=\"true\" aria-invalid=\"false\" placeholder=\"Votre nom *\" value=\"\" type=\"text\" name=\"nom\" \/><\/span>\n\t<\/p>\n\t<p><span class=\"wpcf7-form-control-wrap\" data-name=\"prenom\"><input size=\"40\" maxlength=\"400\" class=\"wpcf7-form-control wpcf7-text wpcf7-validates-as-required\" aria-required=\"true\" aria-invalid=\"false\" placeholder=\"Votre pr\u00e9nom *\" value=\"\" type=\"text\" name=\"prenom\" \/><\/span>\n\t<\/p>\n\t<p><span class=\"wpcf7-form-control-wrap\" data-name=\"mail\"><input size=\"40\" maxlength=\"400\" class=\"wpcf7-form-control wpcf7-email wpcf7-validates-as-required wpcf7-text wpcf7-validates-as-email\" aria-required=\"true\" aria-invalid=\"false\" placeholder=\"Votre adresse email *\" value=\"\" type=\"email\" name=\"mail\" \/><\/span>\n\t<\/p>\n\t<p><span class=\"wpcf7-form-control-wrap\" data-name=\"societe\"><input size=\"40\" maxlength=\"400\" class=\"wpcf7-form-control wpcf7-text\" aria-invalid=\"false\" placeholder=\"Votre soci\u00e9t\u00e9\" value=\"\" type=\"text\" name=\"societe\" \/><\/span>\n\t<\/p>\n\t<p><span class=\"wpcf7-form-control-wrap\" data-name=\"telephone\"><input size=\"40\" maxlength=\"400\" class=\"wpcf7-form-control wpcf7-tel wpcf7-validates-as-required wpcf7-text wpcf7-validates-as-tel\" aria-required=\"true\" aria-invalid=\"false\" placeholder=\"Votre num\u00e9ro de t\u00e9l\u00e9phone *\" value=\"\" type=\"tel\" name=\"telephone\" \/><\/span>\n\t<\/p>\n\t<p><span class=\"wpcf7-form-control-wrap\" data-name=\"adresse\"><input size=\"40\" maxlength=\"400\" class=\"wpcf7-form-control wpcf7-text\" aria-invalid=\"false\" placeholder=\"Votre adresse\" value=\"\" type=\"text\" name=\"adresse\" \/><\/span>\n\t<\/p>\n\t<p><span class=\"wpcf7-form-control-wrap\" data-name=\"ville\"><input size=\"40\" maxlength=\"400\" class=\"wpcf7-form-control wpcf7-text\" aria-invalid=\"false\" placeholder=\"Votre ville\" value=\"\" type=\"text\" name=\"ville\" \/><\/span>\n\t<\/p>\n\t<p><span class=\"wpcf7-form-control-wrap\" data-name=\"cp\"><input size=\"40\" maxlength=\"400\" class=\"wpcf7-form-control wpcf7-text\" aria-invalid=\"false\" placeholder=\"Votre code postal\" value=\"\" type=\"text\" name=\"cp\" \/><\/span>\n\t<\/p>\n\t<p><span class=\"wpcf7-form-control-wrap\" data-name=\"message\"><textarea cols=\"40\" rows=\"10\" maxlength=\"2000\" class=\"wpcf7-form-control wpcf7-textarea wpcf7-validates-as-required\" aria-required=\"true\" aria-invalid=\"false\" placeholder=\"Votre message *\" name=\"message\"><\/textarea><\/span>\n\t<\/p>\n<\/div>\n<div class=\"checkB\">\n\t<p><span class=\"wpcf7-form-control-wrap\" data-name=\"acceptance-246\"><span class=\"wpcf7-form-control wpcf7-acceptance\"><span class=\"wpcf7-list-item\"><label><input type=\"checkbox\" name=\"acceptance-246\" value=\"1\" aria-invalid=\"false\" \/><span class=\"wpcf7-list-item-label\">En cochant cette case, je reconnais avoir pris connaissance de la collecte et l\u2019utilisation d\u2019informations vous concernant afin de traiter votre demande. <a href=\"\/politique-de-confidentialite\/\">En savoir plus sur l\u2019utilisation de vos donn\u00e9es personnelles.<\/a><\/span><\/label><\/span><\/span><\/span>\n\t<\/p>\n<\/div>\n<p><input class=\"wpcf7-form-control wpcf7-submit has-spinner\" type=\"submit\" value=\"Envoyer\" \/>\n<\/p><div class=\"wpcf7-response-output\" aria-hidden=\"true\"><\/div>\n<\/form>\n<\/div>\n\n<p>[\/et_pb_text][\/et_pb_column][\/et_pb_row][\/et_pb_section]<\/p>\n","protected":false},"excerpt":{"rendered":"<p>To meet with us23 Rue Sala, 69002 Lyon 06 83 25 34 63Next to us Bus\u00a0C12 &#8211; 35 Metro D-A Velo&#8217;v\u00a0\u00a02011 &#8211; SALA \/ RUE DU PLAT, 69002 LyonGPS\u00a0Latitude 45.7559\u00a0Longitude\u00a04.82937 &nbsp;To contact us \n<div class=\"wpcf7 no-js\" id=\"wpcf7-f2093-o2\" lang=\"en-US\" dir=\"ltr\" data-wpcf7-id=\"2093\">\n<div class=\"screen-reader-response\"><p role=\"status\" aria-live=\"polite\" aria-atomic=\"true\"><\/p> <ul><\/ul><\/div>\n<form action=\"\/en\/wp-json\/wp\/v2\/pages\/1912#wpcf7-f2093-o2\" method=\"post\" class=\"wpcf7-form init\" aria-label=\"Contact form\" novalidate=\"novalidate\" data-status=\"init\">\n<fieldset class=\"hidden-fields-container\"><input type=\"hidden\" name=\"_wpcf7\" value=\"2093\" \/><input type=\"hidden\" name=\"_wpcf7_version\" value=\"6.1.5\" \/><input type=\"hidden\" name=\"_wpcf7_locale\" value=\"en_US\" \/><input type=\"hidden\" name=\"_wpcf7_unit_tag\" value=\"wpcf7-f2093-o2\" \/><input type=\"hidden\" name=\"_wpcf7_container_post\" value=\"0\" \/><input type=\"hidden\" name=\"_wpcf7_posted_data_hash\" value=\"\" \/><input type=\"hidden\" name=\"_wpcf7_recaptcha_response\" value=\"\" \/>\n<\/fieldset>\n<div>\n\t<p><span class=\"wpcf7-form-control-wrap\" data-name=\"nom\"><input size=\"40\" maxlength=\"400\" class=\"wpcf7-form-control wpcf7-text wpcf7-validates-as-required\" aria-required=\"true\" aria-invalid=\"false\" placeholder=\"Votre nom *\" value=\"\" type=\"text\" name=\"nom\" \/><\/span>\n\t<\/p>\n\t<p><span class=\"wpcf7-form-control-wrap\" data-name=\"prenom\"><input size=\"40\" maxlength=\"400\" class=\"wpcf7-form-control wpcf7-text wpcf7-validates-as-required\" aria-required=\"true\" aria-invalid=\"false\" placeholder=\"Votre pr\u00e9nom *\" value=\"\" type=\"text\" name=\"prenom\" \/><\/span>\n\t<\/p>\n\t<p><span class=\"wpcf7-form-control-wrap\" data-name=\"mail\"><input size=\"40\" maxlength=\"400\" class=\"wpcf7-form-control wpcf7-email wpcf7-validates-as-required wpcf7-text wpcf7-validates-as-email\" aria-required=\"true\" aria-invalid=\"false\" placeholder=\"Votre adresse email *\" value=\"\" type=\"email\" name=\"mail\" \/><\/span>\n\t<\/p>\n\t<p><span class=\"wpcf7-form-control-wrap\" data-name=\"societe\"><input size=\"40\" maxlength=\"400\" class=\"wpcf7-form-control wpcf7-text\" aria-invalid=\"false\" placeholder=\"Votre soci\u00e9t\u00e9\" value=\"\" type=\"text\" name=\"societe\" \/><\/span>\n\t<\/p>\n\t<p><span class=\"wpcf7-form-control-wrap\" data-name=\"telephone\"><input size=\"40\" maxlength=\"400\" class=\"wpcf7-form-control wpcf7-tel wpcf7-validates-as-required wpcf7-text wpcf7-validates-as-tel\" aria-required=\"true\" aria-invalid=\"false\" placeholder=\"Votre num\u00e9ro de t\u00e9l\u00e9phone *\" value=\"\" type=\"tel\" name=\"telephone\" \/><\/span>\n\t<\/p>\n\t<p><span class=\"wpcf7-form-control-wrap\" data-name=\"adresse\"><input size=\"40\" maxlength=\"400\" class=\"wpcf7-form-control wpcf7-text\" aria-invalid=\"false\" placeholder=\"Votre adresse\" value=\"\" type=\"text\" name=\"adresse\" \/><\/span>\n\t<\/p>\n\t<p><span class=\"wpcf7-form-control-wrap\" data-name=\"ville\"><input size=\"40\" maxlength=\"400\" class=\"wpcf7-form-control wpcf7-text\" aria-invalid=\"false\" placeholder=\"Votre ville\" value=\"\" type=\"text\" name=\"ville\" \/><\/span>\n\t<\/p>\n\t<p><span class=\"wpcf7-form-control-wrap\" data-name=\"cp\"><input size=\"40\" maxlength=\"400\" class=\"wpcf7-form-control wpcf7-text\" aria-invalid=\"false\" placeholder=\"Votre code postal\" value=\"\" type=\"text\" name=\"cp\" \/><\/span>\n\t<\/p>\n\t<p><span class=\"wpcf7-form-control-wrap\" data-name=\"message\"><textarea cols=\"40\" rows=\"10\" maxlength=\"2000\" class=\"wpcf7-form-control wpcf7-textarea wpcf7-validates-as-required\" aria-required=\"true\" aria-invalid=\"false\" placeholder=\"Votre message *\" name=\"message\"><\/textarea><\/span>\n\t<\/p>\n<\/div>\n<div class=\"checkB\">\n\t<p><span class=\"wpcf7-form-control-wrap\" data-name=\"acceptance-246\"><span class=\"wpcf7-form-control wpcf7-acceptance\"><span class=\"wpcf7-list-item\"><label><input type=\"checkbox\" name=\"acceptance-246\" value=\"1\" aria-invalid=\"false\" \/><span class=\"wpcf7-list-item-label\">En cochant cette case, je reconnais avoir pris connaissance de la collecte et l\u2019utilisation d\u2019informations vous concernant afin de traiter votre demande. <a href=\"\/politique-de-confidentialite\/\">En savoir plus sur l\u2019utilisation de vos donn\u00e9es personnelles.<\/a><\/span><\/label><\/span><\/span><\/span>\n\t<\/p>\n<\/div>\n<p><input class=\"wpcf7-form-control wpcf7-submit has-spinner\" type=\"submit\" value=\"Envoyer\" \/>\n<\/p><div class=\"wpcf7-response-output\" aria-hidden=\"true\"><\/div>\n<\/form>\n<\/div>\n<\/p>\n","protected":false},"author":1,"featured_media":0,"parent":0,"menu_order":10,"comment_status":"closed","ping_status":"closed","template":"","meta":{"_acf_changed":false,"_et_pb_use_builder":"on","_et_pb_old_content":"","_et_gb_content_width":"","footnotes":""},"class_list":["post-1912","page","type-page","status-publish","hentry"],"acf":[],"yoast_head":"<!-- This site is optimized with the Yoast SEO plugin v27.3 - https:\/\/yoast.com\/product\/yoast-seo-wordpress\/ -->\n<title>In the center of the city of Lyon | Trois quatorze<\/title>\n<meta name=\"description\" content=\"You may contact us by leaving your contact detail and detailing your legal needs. Our lawyers will offer you an appointment as soon as possible.\" \/>\n<meta name=\"robots\" content=\"index, follow, max-snippet:-1, max-image-preview:large, max-video-preview:-1\" \/>\n<link rel=\"canonical\" href=\"https:\/\/www.troispointquatorze.fr\/en\/contact\/\" \/>\n<meta property=\"og:locale\" content=\"en_US\" \/>\n<meta property=\"og:type\" content=\"article\" \/>\n<meta property=\"og:title\" content=\"In the center of the city of Lyon | Trois quatorze\" \/>\n<meta property=\"og:description\" content=\"You may contact us by leaving your contact detail and detailing your legal needs. Our lawyers will offer you an appointment as soon as possible.\" \/>\n<meta property=\"og:url\" content=\"https:\/\/www.troispointquatorze.fr\/en\/contact\/\" \/>\n<meta property=\"og:site_name\" content=\"Trois quatorze\" \/>\n<meta property=\"article:modified_time\" content=\"2020-12-01T13:45:41+00:00\" \/>\n<meta name=\"twitter:card\" content=\"summary_large_image\" \/>\n<meta name=\"twitter:label1\" content=\"Est. reading time\" \/>\n\t<meta name=\"twitter:data1\" content=\"3 minutes\" \/>\n<script type=\"application\/ld+json\" class=\"yoast-schema-graph\">{\"@context\":\"https:\\\/\\\/schema.org\",\"@graph\":[{\"@type\":\"WebPage\",\"@id\":\"https:\\\/\\\/www.troispointquatorze.fr\\\/en\\\/contact\\\/\",\"url\":\"https:\\\/\\\/www.troispointquatorze.fr\\\/en\\\/contact\\\/\",\"name\":\"In the center of the city of Lyon | Trois quatorze\",\"isPartOf\":{\"@id\":\"https:\\\/\\\/www.troispointquatorze.fr\\\/en\\\/#website\"},\"datePublished\":\"2020-11-17T14:15:44+00:00\",\"dateModified\":\"2020-12-01T13:45:41+00:00\",\"description\":\"You may contact us by leaving your contact detail and detailing your legal needs. Our lawyers will offer you an appointment as soon as possible.\",\"breadcrumb\":{\"@id\":\"https:\\\/\\\/www.troispointquatorze.fr\\\/en\\\/contact\\\/#breadcrumb\"},\"inLanguage\":\"en-US\",\"potentialAction\":[{\"@type\":\"ReadAction\",\"target\":[\"https:\\\/\\\/www.troispointquatorze.fr\\\/en\\\/contact\\\/\"]}]},{\"@type\":\"BreadcrumbList\",\"@id\":\"https:\\\/\\\/www.troispointquatorze.fr\\\/en\\\/contact\\\/#breadcrumb\",\"itemListElement\":[{\"@type\":\"ListItem\",\"position\":1,\"name\":\"Home\",\"item\":\"https:\\\/\\\/www.troispointquatorze.fr\\\/en\\\/\"},{\"@type\":\"ListItem\",\"position\":2,\"name\":\"Contact\"}]},{\"@type\":\"WebSite\",\"@id\":\"https:\\\/\\\/www.troispointquatorze.fr\\\/en\\\/#website\",\"url\":\"https:\\\/\\\/www.troispointquatorze.fr\\\/en\\\/\",\"name\":\"Trois quatorze\",\"description\":\"\",\"publisher\":{\"@id\":\"https:\\\/\\\/www.troispointquatorze.fr\\\/en\\\/#organization\"},\"potentialAction\":[{\"@type\":\"SearchAction\",\"target\":{\"@type\":\"EntryPoint\",\"urlTemplate\":\"https:\\\/\\\/www.troispointquatorze.fr\\\/en\\\/?s={search_term_string}\"},\"query-input\":{\"@type\":\"PropertyValueSpecification\",\"valueRequired\":true,\"valueName\":\"search_term_string\"}}],\"inLanguage\":\"en-US\"},{\"@type\":\"Organization\",\"@id\":\"https:\\\/\\\/www.troispointquatorze.fr\\\/en\\\/#organization\",\"name\":\"Troispointsquatorze\",\"url\":\"https:\\\/\\\/www.troispointquatorze.fr\\\/en\\\/\",\"logo\":{\"@type\":\"ImageObject\",\"inLanguage\":\"en-US\",\"@id\":\"https:\\\/\\\/www.troispointquatorze.fr\\\/en\\\/#\\\/schema\\\/logo\\\/image\\\/\",\"url\":\"https:\\\/\\\/www.troispointquatorze.fr\\\/wp-content\\\/uploads\\\/2020\\\/08\\\/trois-quatorze_logo.jpg\",\"contentUrl\":\"https:\\\/\\\/www.troispointquatorze.fr\\\/wp-content\\\/uploads\\\/2020\\\/08\\\/trois-quatorze_logo.jpg\",\"width\":1024,\"height\":189,\"caption\":\"Troispointsquatorze\"},\"image\":{\"@id\":\"https:\\\/\\\/www.troispointquatorze.fr\\\/en\\\/#\\\/schema\\\/logo\\\/image\\\/\"}}]}<\/script>\n<!-- \/ Yoast SEO plugin. -->","yoast_head_json":{"title":"In the center of the city of Lyon | Trois quatorze","description":"You may contact us by leaving your contact detail and detailing your legal needs. Our lawyers will offer you an appointment as soon as possible.","robots":{"index":"index","follow":"follow","max-snippet":"max-snippet:-1","max-image-preview":"max-image-preview:large","max-video-preview":"max-video-preview:-1"},"canonical":"https:\/\/www.troispointquatorze.fr\/en\/contact\/","og_locale":"en_US","og_type":"article","og_title":"In the center of the city of Lyon | Trois quatorze","og_description":"You may contact us by leaving your contact detail and detailing your legal needs. Our lawyers will offer you an appointment as soon as possible.","og_url":"https:\/\/www.troispointquatorze.fr\/en\/contact\/","og_site_name":"Trois quatorze","article_modified_time":"2020-12-01T13:45:41+00:00","twitter_card":"summary_large_image","twitter_misc":{"Est. reading time":"3 minutes"},"schema":{"@context":"https:\/\/schema.org","@graph":[{"@type":"WebPage","@id":"https:\/\/www.troispointquatorze.fr\/en\/contact\/","url":"https:\/\/www.troispointquatorze.fr\/en\/contact\/","name":"In the center of the city of Lyon | Trois quatorze","isPartOf":{"@id":"https:\/\/www.troispointquatorze.fr\/en\/#website"},"datePublished":"2020-11-17T14:15:44+00:00","dateModified":"2020-12-01T13:45:41+00:00","description":"You may contact us by leaving your contact detail and detailing your legal needs. Our lawyers will offer you an appointment as soon as possible.","breadcrumb":{"@id":"https:\/\/www.troispointquatorze.fr\/en\/contact\/#breadcrumb"},"inLanguage":"en-US","potentialAction":[{"@type":"ReadAction","target":["https:\/\/www.troispointquatorze.fr\/en\/contact\/"]}]},{"@type":"BreadcrumbList","@id":"https:\/\/www.troispointquatorze.fr\/en\/contact\/#breadcrumb","itemListElement":[{"@type":"ListItem","position":1,"name":"Home","item":"https:\/\/www.troispointquatorze.fr\/en\/"},{"@type":"ListItem","position":2,"name":"Contact"}]},{"@type":"WebSite","@id":"https:\/\/www.troispointquatorze.fr\/en\/#website","url":"https:\/\/www.troispointquatorze.fr\/en\/","name":"Trois quatorze","description":"","publisher":{"@id":"https:\/\/www.troispointquatorze.fr\/en\/#organization"},"potentialAction":[{"@type":"SearchAction","target":{"@type":"EntryPoint","urlTemplate":"https:\/\/www.troispointquatorze.fr\/en\/?s={search_term_string}"},"query-input":{"@type":"PropertyValueSpecification","valueRequired":true,"valueName":"search_term_string"}}],"inLanguage":"en-US"},{"@type":"Organization","@id":"https:\/\/www.troispointquatorze.fr\/en\/#organization","name":"Troispointsquatorze","url":"https:\/\/www.troispointquatorze.fr\/en\/","logo":{"@type":"ImageObject","inLanguage":"en-US","@id":"https:\/\/www.troispointquatorze.fr\/en\/#\/schema\/logo\/image\/","url":"https:\/\/www.troispointquatorze.fr\/wp-content\/uploads\/2020\/08\/trois-quatorze_logo.jpg","contentUrl":"https:\/\/www.troispointquatorze.fr\/wp-content\/uploads\/2020\/08\/trois-quatorze_logo.jpg","width":1024,"height":189,"caption":"Troispointsquatorze"},"image":{"@id":"https:\/\/www.troispointquatorze.fr\/en\/#\/schema\/logo\/image\/"}}]}},"_links":{"self":[{"href":"https:\/\/www.troispointquatorze.fr\/en\/wp-json\/wp\/v2\/pages\/1912","targetHints":{"allow":["GET"]}}],"collection":[{"href":"https:\/\/www.troispointquatorze.fr\/en\/wp-json\/wp\/v2\/pages"}],"about":[{"href":"https:\/\/www.troispointquatorze.fr\/en\/wp-json\/wp\/v2\/types\/page"}],"author":[{"embeddable":true,"href":"https:\/\/www.troispointquatorze.fr\/en\/wp-json\/wp\/v2\/users\/1"}],"replies":[{"embeddable":true,"href":"https:\/\/www.troispointquatorze.fr\/en\/wp-json\/wp\/v2\/comments?post=1912"}],"version-history":[{"count":7,"href":"https:\/\/www.troispointquatorze.fr\/en\/wp-json\/wp\/v2\/pages\/1912\/revisions"}],"predecessor-version":[{"id":2175,"href":"https:\/\/www.troispointquatorze.fr\/en\/wp-json\/wp\/v2\/pages\/1912\/revisions\/2175"}],"wp:attachment":[{"href":"https:\/\/www.troispointquatorze.fr\/en\/wp-json\/wp\/v2\/media?parent=1912"}],"curies":[{"name":"wp","href":"https:\/\/api.w.org\/{rel}","templated":true}]}}